{"id":17,"date":"2020-05-13T15:29:25","date_gmt":"2020-05-13T13:29:25","guid":{"rendered":"http:\/\/gemeinschaftsschule-handewitt.de\/Oberstufe\/index\/?page_id=17"},"modified":"2023-11-23T12:40:05","modified_gmt":"2023-11-23T11:40:05","slug":"profile","status":"publish","type":"page","link":"http:\/\/gemeinschaftsschule-handewitt.de\/Oberstufe\/index\/profile\/","title":{"rendered":"Profile"},"content":{"rendered":"\t\t<div data-elementor-type=\"wp-page\" data-elementor-id=\"17\" class=\"elementor elementor-17\" data-elementor-settings=\"[]\">\n\t\t\t\t\t\t<div class=\"elementor-inner\">\n\t\t\t\t\t\t\t<div class=\"elementor-section-wrap\">\n\t\t\t\t\t\t\t<section class=\"elementor-section elementor-top-section elementor-element elementor-element-3985beeb elementor-section-boxed elementor-section-height-default elementor-section-height-default\" data-id=\"3985beeb\" data-element_type=\"section\" data-settings=\"{&quot;background_background&quot;:&quot;classic&quot;}\">\n\t\t\t\t\t\t<div class=\"elementor-container elementor-column-gap-default\">\n\t\t\t\t\t\t\t<div class=\"elementor-row\">\n\t\t\t\t\t<div class=\"elementor-column elementor-col-100 elementor-top-column elementor-element elementor-element-2c1d30c8\" data-id=\"2c1d30c8\" data-element_type=\"column\">\n\t\t\t<div class=\"elementor-column-wrap elementor-element-populated\">\n\t\t\t\t\t\t\t<div class=\"elementor-widget-wrap\">\n\t\t\t\t\t\t<div class=\"elementor-element elementor-element-422a241e elementor-widget elementor-widget-spacer\" data-id=\"422a241e\" data-element_type=\"widget\" data-widget_type=\"spacer.default\">\n\t\t\t\t<div class=\"elementor-widget-container\">\n\t\t\t\t\t<div class=\"elementor-spacer\">\n\t\t\t<div class=\"elementor-spacer-inner\"><\/div>\n\t\t<\/div>\n\t\t\t\t<\/div>\n\t\t\t\t<\/div>\n\t\t\t\t<div class=\"elementor-element elementor-element-4e023e92 elementor-widget elementor-widget-heading\" data-id=\"4e023e92\" data-element_type=\"widget\" data-widget_type=\"heading.default\">\n\t\t\t\t<div class=\"elementor-widget-container\">\n\t\t\t<h1 class=\"elementor-heading-title elementor-size-default\">Profile<\/h1>\t\t<\/div>\n\t\t\t\t<\/div>\n\t\t\t\t<div class=\"elementor-element elementor-element-43e26a4e elementor-widget-divider--view-line elementor-widget elementor-widget-divider\" data-id=\"43e26a4e\" data-element_type=\"widget\" data-widget_type=\"divider.default\">\n\t\t\t\t<div class=\"elementor-widget-container\">\n\t\t\t\t\t<div class=\"elementor-divider\">\n\t\t\t<span class=\"elementor-divider-separator\">\n\t\t\t\t\t\t<\/span>\n\t\t<\/div>\n\t\t\t\t<\/div>\n\t\t\t\t<\/div>\n\t\t\t\t\t\t<\/div>\n\t\t\t\t\t<\/div>\n\t\t<\/div>\n\t\t\t\t\t\t\t\t<\/div>\n\t\t\t\t\t<\/div>\n\t\t<\/section>\n\t\t\t\t<section class=\"elementor-section elementor-top-section elementor-element elementor-element-7b3dec65 elementor-section-boxed elementor-section-height-default elementor-section-height-default\" data-id=\"7b3dec65\" data-element_type=\"section\" data-settings=\"{&quot;background_background&quot;:&quot;classic&quot;}\">\n\t\t\t\t\t\t<div class=\"elementor-container elementor-column-gap-default\">\n\t\t\t\t\t\t\t<div class=\"elementor-row\">\n\t\t\t\t\t<div class=\"elementor-column elementor-col-100 elementor-top-column elementor-element elementor-element-5a5ba38c\" data-id=\"5a5ba38c\" data-element_type=\"column\">\n\t\t\t<div class=\"elementor-column-wrap elementor-element-populated\">\n\t\t\t\t\t\t\t<div class=\"elementor-widget-wrap\">\n\t\t\t\t\t\t<div class=\"elementor-element elementor-element-29aac8bf elementor-widget elementor-widget-text-editor\" data-id=\"29aac8bf\" data-element_type=\"widget\" data-widget_type=\"text-editor.default\">\n\t\t\t\t<div class=\"elementor-widget-container\">\n\t\t\t\t\t\t\t\t<div class=\"elementor-text-editor elementor-clearfix\">\n\t\t\t\t<p>Hier findest du Informationen \u00fcber unsere drei Profile. Falls du die Brosch\u00fcre noch nicht gelesen hast, ist es eine gute Idee, dies auch zu tun. Wenn du dir alles durchgelesen hast, die Profiltafeln angeschaut hast und noch Fragen hast, kannst du jederzeit gerne Kontakt zu uns aufnehmen (siehe unter <a href=\"http:\/\/gemeinschaftsschule-handewitt.de\/Oberstufe\/index\/kontakt\/\">Kontakt<\/a>). Alle Profile erm\u00f6glichen die Fachhochschulreife und die Allgemeine Hochschulreife (Abitur)<\/p><p>Um einen Einblick in die Profile bekommen zu k\u00f6nnen, f\u00fchren wir im Februar 2024 Hospitationstage durch.<\/p>\t\t\t\t\t<\/div>\n\t\t\t\t\t\t<\/div>\n\t\t\t\t<\/div>\n\t\t\t\t<div class=\"elementor-element elementor-element-b9f47cf elementor-widget-divider--view-line elementor-widget elementor-widget-divider\" data-id=\"b9f47cf\" data-element_type=\"widget\" data-widget_type=\"divider.default\">\n\t\t\t\t<div class=\"elementor-widget-container\">\n\t\t\t\t\t<div class=\"elementor-divider\">\n\t\t\t<span class=\"elementor-divider-separator\">\n\t\t\t\t\t\t<\/span>\n\t\t<\/div>\n\t\t\t\t<\/div>\n\t\t\t\t<\/div>\n\t\t\t\t<div class=\"elementor-element elementor-element-464f7e17 elementor-widget elementor-widget-heading\" data-id=\"464f7e17\" data-element_type=\"widget\" data-widget_type=\"heading.default\">\n\t\t\t\t<div class=\"elementor-widget-container\">\n\t\t\t<h1 class=\"elementor-heading-title elementor-size-default\">Zukunft gestalten - Wirtschaft und Gesellschaft<\/h1>\t\t<\/div>\n\t\t\t\t<\/div>\n\t\t\t\t<div class=\"elementor-element elementor-element-ee1cde8 elementor-widget elementor-widget-heading\" data-id=\"ee1cde8\" data-element_type=\"widget\" data-widget_type=\"heading.default\">\n\t\t\t\t<div class=\"elementor-widget-container\">\n\t\t\t<h4 class=\"elementor-heading-title elementor-size-default\">(Gesellschaftswissenschaftliches Profil)<\/h4>\t\t<\/div>\n\t\t\t\t<\/div>\n\t\t\t\t<div class=\"elementor-element elementor-element-948ae91 elementor-widget elementor-widget-text-editor\" data-id=\"948ae91\" data-element_type=\"widget\" data-widget_type=\"text-editor.default\">\n\t\t\t\t<div class=\"elementor-widget-container\">\n\t\t\t\t\t\t\t\t<div class=\"elementor-text-editor elementor-clearfix\">\n\t\t\t\t<p>Zukunft gestalten k\u00f6nnen setzt voraus, dass man versteht, was um einen herum passiert. Hast du Lust, dir Gedanken \u00fcber unsere Zukunft zu machen, mitzureden und mitzugestalten? Interessierst du dich daf\u00fcr, die Welt zu einem besseren Ort f\u00fcr uns Menschen zu machen? Daf\u00fcr m\u00fcssen wir verstehen, wie die wirtschaftlichen, geographischen und gesellschaftlichen Zusammenh\u00e4nge aussehen. Wir laden nicht nur Experten in unsere Schule ein, sondern wir sind auch selbst viel unterwegs, z.B. in Flensburg, Hamburg und Berlin. Wir f\u00fchren zudem zahlreiche bildungspolitische Projekte in unserer Oberstufe durch.<\/p><p>Lass dich bei weiteren Fragen von uns beraten.<\/p>\t\t\t\t\t<\/div>\n\t\t\t\t\t\t<\/div>\n\t\t\t\t<\/div>\n\t\t\t\t<div class=\"elementor-element elementor-element-aa43034 elementor-widget elementor-widget-image\" data-id=\"aa43034\" data-element_type=\"widget\" data-widget_type=\"image.default\">\n\t\t\t\t<div class=\"elementor-widget-container\">\n\t\t\t\t\t\t\t\t<div class=\"elementor-image\">\n\t\t\t\t\t\t\t\t\t\t\t\t<img width=\"529\" height=\"349\" src=\"http:\/\/gemeinschaftsschule-handewitt.de\/Oberstufe\/index\/wp-content\/uploads\/2020\/05\/stacks-image-9634067-55.png\" class=\"attachment-large size-large\" alt=\"\" loading=\"lazy\" srcset=\"http:\/\/gemeinschaftsschule-handewitt.de\/Oberstufe\/index\/wp-content\/uploads\/2020\/05\/stacks-image-9634067-55.png 529w, http:\/\/gemeinschaftsschule-handewitt.de\/Oberstufe\/index\/wp-content\/uploads\/2020\/05\/stacks-image-9634067-55-300x198.png 300w\" sizes=\"(max-width: 529px) 100vw, 529px\" \/>\t\t\t\t\t\t\t\t\t\t\t\t\t\t<\/div>\n\t\t\t\t\t\t<\/div>\n\t\t\t\t<\/div>\n\t\t\t\t<div class=\"elementor-element elementor-element-dc58aa4 elementor-align-center elementor-widget elementor-widget-button\" data-id=\"dc58aa4\" data-element_type=\"widget\" data-widget_type=\"button.default\">\n\t\t\t\t<div class=\"elementor-widget-container\">\n\t\t\t\t\t<div class=\"elementor-button-wrapper\">\n\t\t\t<a href=\"http:\/\/gemeinschaftsschule-handewitt.de\/Oberstufe\/index\/wp-content\/uploads\/2023\/11\/GSW-Profil-2.pdf\" class=\"elementor-button-link elementor-button elementor-size-sm\" role=\"button\">\n\t\t\t\t\t\t<span class=\"elementor-button-content-wrapper\">\n\t\t\t\t\t\t<span class=\"elementor-button-text\">Hier Klicken<\/span>\n\t\t<\/span>\n\t\t\t\t\t<\/a>\n\t\t<\/div>\n\t\t\t\t<\/div>\n\t\t\t\t<\/div>\n\t\t\t\t\t\t<\/div>\n\t\t\t\t\t<\/div>\n\t\t<\/div>\n\t\t\t\t\t\t\t\t<\/div>\n\t\t\t\t\t<\/div>\n\t\t<\/section>\n\t\t\t\t<section class=\"elementor-section elementor-top-section elementor-element elementor-element-fa582da elementor-section-boxed elementor-section-height-default elementor-section-height-default\" data-id=\"fa582da\" data-element_type=\"section\" data-settings=\"{&quot;background_background&quot;:&quot;classic&quot;}\">\n\t\t\t\t\t\t<div class=\"elementor-container elementor-column-gap-default\">\n\t\t\t\t\t\t\t<div class=\"elementor-row\">\n\t\t\t\t\t<div class=\"elementor-column elementor-col-100 elementor-top-column elementor-element elementor-element-43e4f96\" data-id=\"43e4f96\" data-element_type=\"column\">\n\t\t\t<div class=\"elementor-column-wrap elementor-element-populated\">\n\t\t\t\t\t\t\t<div class=\"elementor-widget-wrap\">\n\t\t\t\t\t\t<div class=\"elementor-element elementor-element-1e69eec elementor-widget-divider--view-line elementor-widget elementor-widget-divider\" data-id=\"1e69eec\" data-element_type=\"widget\" data-widget_type=\"divider.default\">\n\t\t\t\t<div class=\"elementor-widget-container\">\n\t\t\t\t\t<div class=\"elementor-divider\">\n\t\t\t<span class=\"elementor-divider-separator\">\n\t\t\t\t\t\t<\/span>\n\t\t<\/div>\n\t\t\t\t<\/div>\n\t\t\t\t<\/div>\n\t\t\t\t<div class=\"elementor-element elementor-element-aba3835 elementor-widget elementor-widget-heading\" data-id=\"aba3835\" data-element_type=\"widget\" data-widget_type=\"heading.default\">\n\t\t\t\t<div class=\"elementor-widget-container\">\n\t\t\t<h1 class=\"elementor-heading-title elementor-size-default\">Gesundheit, Natur und Umwelt<\/h1>\t\t<\/div>\n\t\t\t\t<\/div>\n\t\t\t\t<div class=\"elementor-element elementor-element-18763e3 elementor-widget elementor-widget-heading\" data-id=\"18763e3\" data-element_type=\"widget\" data-widget_type=\"heading.default\">\n\t\t\t\t<div class=\"elementor-widget-container\">\n\t\t\t<h4 class=\"elementor-heading-title elementor-size-default\">(Naturwissenschaftliches Profil)<\/h4>\t\t<\/div>\n\t\t\t\t<\/div>\n\t\t\t\t<div class=\"elementor-element elementor-element-9d5af73 elementor-widget elementor-widget-text-editor\" data-id=\"9d5af73\" data-element_type=\"widget\" data-widget_type=\"text-editor.default\">\n\t\t\t\t<div class=\"elementor-widget-container\">\n\t\t\t\t\t\t\t\t<div class=\"elementor-text-editor elementor-clearfix\">\n\t\t\t\t<p>Du bist grunds\u00e4tzlich an Naturwissenschaften interessiert? Du willst sp\u00e4ter vielleicht eine Ausbildung machen, die etwas mit Naturwissenschaften zu tun hat? Wir geben dir einen tiefen Einblick in die Welt der Naturwissenschaften mit m\u00f6glichst viel konkretem Lebensbezug. Dadurch, dass wir viele Experimente machen, ist der Unterricht abwechslungsreich. Wie auch in den anderen Profilen machen wir auch hier viele Exkursionen, Beispiele sind Experimente im Sch\u00fclerlabor an der Uni, eine Fahrt ins Wattenmeer, der Besuch des Tropenaquariums in Hamburg oder das Ausgraben von Fossilien.<\/p><p>Lass dich bei weiteren Fragen von uns beraten.<\/p>\t\t\t\t\t<\/div>\n\t\t\t\t\t\t<\/div>\n\t\t\t\t<\/div>\n\t\t\t\t<div class=\"elementor-element elementor-element-2ee2654 elementor-widget elementor-widget-image\" data-id=\"2ee2654\" data-element_type=\"widget\" data-widget_type=\"image.default\">\n\t\t\t\t<div class=\"elementor-widget-container\">\n\t\t\t\t\t\t\t\t<div class=\"elementor-image\">\n\t\t\t\t\t\t\t\t\t\t\t\t<img width=\"550\" height=\"369\" src=\"http:\/\/gemeinschaftsschule-handewitt.de\/Oberstufe\/index\/wp-content\/uploads\/2020\/05\/stacks-image-f5c589e-41.png\" class=\"attachment-large size-large\" alt=\"\" loading=\"lazy\" srcset=\"http:\/\/gemeinschaftsschule-handewitt.de\/Oberstufe\/index\/wp-content\/uploads\/2020\/05\/stacks-image-f5c589e-41.png 550w, http:\/\/gemeinschaftsschule-handewitt.de\/Oberstufe\/index\/wp-content\/uploads\/2020\/05\/stacks-image-f5c589e-41-300x201.png 300w\" sizes=\"(max-width: 550px) 100vw, 550px\" \/>\t\t\t\t\t\t\t\t\t\t\t\t\t\t<\/div>\n\t\t\t\t\t\t<\/div>\n\t\t\t\t<\/div>\n\t\t\t\t<div class=\"elementor-element elementor-element-c609728 elementor-align-center elementor-widget elementor-widget-button\" data-id=\"c609728\" data-element_type=\"widget\" data-widget_type=\"button.default\">\n\t\t\t\t<div class=\"elementor-widget-container\">\n\t\t\t\t\t<div class=\"elementor-button-wrapper\">\n\t\t\t<a href=\"http:\/\/gemeinschaftsschule-handewitt.de\/Oberstufe\/index\/wp-content\/uploads\/2023\/11\/Nawi-Profil-1.pdf\" class=\"elementor-button-link elementor-button elementor-size-sm\" role=\"button\">\n\t\t\t\t\t\t<span class=\"elementor-button-content-wrapper\">\n\t\t\t\t\t\t<span class=\"elementor-button-text\">Hier Klicken<\/span>\n\t\t<\/span>\n\t\t\t\t\t<\/a>\n\t\t<\/div>\n\t\t\t\t<\/div>\n\t\t\t\t<\/div>\n\t\t\t\t\t\t<\/div>\n\t\t\t\t\t<\/div>\n\t\t<\/div>\n\t\t\t\t\t\t\t\t<\/div>\n\t\t\t\t\t<\/div>\n\t\t<\/section>\n\t\t\t\t<section class=\"elementor-section elementor-top-section elementor-element elementor-element-b379290 elementor-section-boxed elementor-section-height-default elementor-section-height-default\" data-id=\"b379290\" data-element_type=\"section\" data-settings=\"{&quot;background_background&quot;:&quot;classic&quot;}\">\n\t\t\t\t\t\t<div class=\"elementor-container elementor-column-gap-default\">\n\t\t\t\t\t\t\t<div class=\"elementor-row\">\n\t\t\t\t\t<div class=\"elementor-column elementor-col-100 elementor-top-column elementor-element elementor-element-f181b3f\" data-id=\"f181b3f\" data-element_type=\"column\">\n\t\t\t<div class=\"elementor-column-wrap elementor-element-populated\">\n\t\t\t\t\t\t\t<div class=\"elementor-widget-wrap\">\n\t\t\t\t\t\t<div class=\"elementor-element elementor-element-c7c862b elementor-widget-divider--view-line elementor-widget elementor-widget-divider\" data-id=\"c7c862b\" data-element_type=\"widget\" data-widget_type=\"divider.default\">\n\t\t\t\t<div class=\"elementor-widget-container\">\n\t\t\t\t\t<div class=\"elementor-divider\">\n\t\t\t<span class=\"elementor-divider-separator\">\n\t\t\t\t\t\t<\/span>\n\t\t<\/div>\n\t\t\t\t<\/div>\n\t\t\t\t<\/div>\n\t\t\t\t<div class=\"elementor-element elementor-element-17f0dff elementor-widget elementor-widget-heading\" data-id=\"17f0dff\" data-element_type=\"widget\" data-widget_type=\"heading.default\">\n\t\t\t\t<div class=\"elementor-widget-container\">\n\t\t\t<h1 class=\"elementor-heading-title elementor-size-default\">Sport verstehen \u2013 Sport erleben<\/h1>\t\t<\/div>\n\t\t\t\t<\/div>\n\t\t\t\t<div class=\"elementor-element elementor-element-23bf98d elementor-widget elementor-widget-heading\" data-id=\"23bf98d\" data-element_type=\"widget\" data-widget_type=\"heading.default\">\n\t\t\t\t<div class=\"elementor-widget-container\">\n\t\t\t<h4 class=\"elementor-heading-title elementor-size-default\">(Sportprofil)<\/h4>\t\t<\/div>\n\t\t\t\t<\/div>\n\t\t\t\t<div class=\"elementor-element elementor-element-8d38b1c elementor-widget elementor-widget-text-editor\" data-id=\"8d38b1c\" data-element_type=\"widget\" data-widget_type=\"text-editor.default\">\n\t\t\t\t<div class=\"elementor-widget-container\">\n\t\t\t\t\t\t\t\t<div class=\"elementor-text-editor elementor-clearfix\">\n\t\t\t\t<p>Du treibst Sport und interessierst dich f\u00fcr Sport? In Theorie und Praxis? Du bist dir aber unsicher, weil du kein Leistungssportler bist? Unsere Erfahrung zeigt, dass die meisten Leute f\u00fcr das Sportprofil geeignet sind. Wichtig ist nur, dass du in irgendeiner Form selbst regelm\u00e4\u00dfig Sport treibst und k\u00f6rperlich gesund bist. Du kannst in der Abiturpr\u00fcfung deine eigenen Schwerpunkte legen, je nachdem, wo du deine St\u00e4rken hast, z.B. im Fu\u00dfball oder Ger\u00e4teturnen. Wie auch in den anderen Profilen macht das Sportprofil Exkursionen an au\u00dferschulische Lernorte.<\/p><p>Lass dich bei weiteren Fragen von uns beraten.<\/p>\t\t\t\t\t<\/div>\n\t\t\t\t\t\t<\/div>\n\t\t\t\t<\/div>\n\t\t\t\t<div class=\"elementor-element elementor-element-58a5979 elementor-widget elementor-widget-image\" data-id=\"58a5979\" data-element_type=\"widget\" data-widget_type=\"image.default\">\n\t\t\t\t<div class=\"elementor-widget-container\">\n\t\t\t\t\t\t\t\t<div class=\"elementor-image\">\n\t\t\t\t\t\t\t\t\t\t\t\t<img width=\"331\" height=\"494\" src=\"http:\/\/gemeinschaftsschule-handewitt.de\/Oberstufe\/index\/wp-content\/uploads\/2020\/05\/stacks-image-42a48b7-133.png\" class=\"attachment-large size-large\" alt=\"\" loading=\"lazy\" srcset=\"http:\/\/gemeinschaftsschule-handewitt.de\/Oberstufe\/index\/wp-content\/uploads\/2020\/05\/stacks-image-42a48b7-133.png 331w, http:\/\/gemeinschaftsschule-handewitt.de\/Oberstufe\/index\/wp-content\/uploads\/2020\/05\/stacks-image-42a48b7-133-201x300.png 201w\" sizes=\"(max-width: 331px) 100vw, 331px\" \/>\t\t\t\t\t\t\t\t\t\t\t\t\t\t<\/div>\n\t\t\t\t\t\t<\/div>\n\t\t\t\t<\/div>\n\t\t\t\t<div class=\"elementor-element elementor-element-f0d2197 elementor-align-center elementor-widget elementor-widget-button\" data-id=\"f0d2197\" data-element_type=\"widget\" data-widget_type=\"button.default\">\n\t\t\t\t<div class=\"elementor-widget-container\">\n\t\t\t\t\t<div class=\"elementor-button-wrapper\">\n\t\t\t<a href=\"http:\/\/gemeinschaftsschule-handewitt.de\/Oberstufe\/index\/wp-content\/uploads\/2023\/11\/Sportprofil-1.pdf\" class=\"elementor-button-link elementor-button elementor-size-sm\" role=\"button\">\n\t\t\t\t\t\t<span class=\"elementor-button-content-wrapper\">\n\t\t\t\t\t\t<span class=\"elementor-button-text\">Hier Klicken<\/span>\n\t\t<\/span>\n\t\t\t\t\t<\/a>\n\t\t<\/div>\n\t\t\t\t<\/div>\n\t\t\t\t<\/div>\n\t\t\t\t\t\t<\/div>\n\t\t\t\t\t<\/div>\n\t\t<\/div>\n\t\t\t\t\t\t\t\t<\/div>\n\t\t\t\t\t<\/div>\n\t\t<\/section>\n\t\t\t\t\t\t<\/div>\n\t\t\t\t\t\t<\/div>\n\t\t\t\t\t<\/div>\n\t\t","protected":false},"excerpt":{"rendered":"<p>Profile Hier findest du Informationen \u00fcber unsere drei Profile. Falls du die Brosch\u00fcre noch nicht gelesen hast, ist es eine gute Idee, dies auch zu tun. Wenn du dir alles durchgelesen hast, die Profiltafeln angeschaut hast und noch Fragen hast, kannst du jederzeit gerne Kontakt zu uns aufnehmen (siehe unter Kontakt). Alle Profile erm\u00f6glichen die [&hellip;]<\/p>\n","protected":false},"author":1,"featured_media":0,"parent":0,"menu_order":0,"comment_status":"closed","ping_status":"closed","template":"","meta":[],"_links":{"self":[{"href":"http:\/\/gemeinschaftsschule-handewitt.de\/Oberstufe\/index\/wp-json\/wp\/v2\/pages\/17"}],"collection":[{"href":"http:\/\/gemeinschaftsschule-handewitt.de\/Oberstufe\/index\/wp-json\/wp\/v2\/pages"}],"about":[{"href":"http:\/\/gemeinschaftsschule-handewitt.de\/Oberstufe\/index\/wp-json\/wp\/v2\/types\/page"}],"author":[{"embeddable":true,"href":"http:\/\/gemeinschaftsschule-handewitt.de\/Oberstufe\/index\/wp-json\/wp\/v2\/users\/1"}],"replies":[{"embeddable":true,"href":"http:\/\/gemeinschaftsschule-handewitt.de\/Oberstufe\/index\/wp-json\/wp\/v2\/comments?post=17"}],"version-history":[{"count":32,"href":"http:\/\/gemeinschaftsschule-handewitt.de\/Oberstufe\/index\/wp-json\/wp\/v2\/pages\/17\/revisions"}],"predecessor-version":[{"id":243,"href":"http:\/\/gemeinschaftsschule-handewitt.de\/Oberstufe\/index\/wp-json\/wp\/v2\/pages\/17\/revisions\/243"}],"wp:attachment":[{"href":"http:\/\/gemeinschaftsschule-handewitt.de\/Oberstufe\/index\/wp-json\/wp\/v2\/media?parent=17"}],"curies":[{"name":"wp","href":"https:\/\/api.w.org\/{rel}","templated":true}]}}