{"id":5,"date":"2020-05-13T15:05:31","date_gmt":"2020-05-13T13:05:31","guid":{"rendered":"http:\/\/gemeinschaftsschule-handewitt.de\/Oberstufe\/index\/?page_id=5"},"modified":"2022-12-10T17:43:40","modified_gmt":"2022-12-10T16:43:40","slug":"home","status":"publish","type":"page","link":"http:\/\/gemeinschaftsschule-handewitt.de\/Oberstufe\/index\/","title":{"rendered":"Home"},"content":{"rendered":"\t\t<div data-elementor-type=\"wp-page\" data-elementor-id=\"5\" class=\"elementor elementor-5\" data-elementor-settings=\"[]\">\n\t\t\t\t\t\t<div class=\"elementor-inner\">\n\t\t\t\t\t\t\t<div class=\"elementor-section-wrap\">\n\t\t\t\t\t\t\t<section class=\"elementor-section elementor-top-section elementor-element elementor-element-4805b69 elementor-section-boxed elementor-section-height-default elementor-section-height-default\" data-id=\"4805b69\" data-element_type=\"section\" data-settings=\"{&quot;background_background&quot;:&quot;classic&quot;}\">\n\t\t\t\t\t\t<div class=\"elementor-container elementor-column-gap-default\">\n\t\t\t\t\t\t\t<div class=\"elementor-row\">\n\t\t\t\t\t<div class=\"elementor-column elementor-col-100 elementor-top-column elementor-element elementor-element-c5227e4\" data-id=\"c5227e4\" data-element_type=\"column\">\n\t\t\t<div class=\"elementor-column-wrap elementor-element-populated\">\n\t\t\t\t\t\t\t<div class=\"elementor-widget-wrap\">\n\t\t\t\t\t\t<div class=\"elementor-element elementor-element-e5ecc75 elementor-widget elementor-widget-spacer\" data-id=\"e5ecc75\" data-element_type=\"widget\" data-widget_type=\"spacer.default\">\n\t\t\t\t<div class=\"elementor-widget-container\">\n\t\t\t\t\t<div class=\"elementor-spacer\">\n\t\t\t<div class=\"elementor-spacer-inner\"><\/div>\n\t\t<\/div>\n\t\t\t\t<\/div>\n\t\t\t\t<\/div>\n\t\t\t\t<section class=\"elementor-section elementor-inner-section elementor-element elementor-element-a3456bf elementor-section-boxed elementor-section-height-default elementor-section-height-default\" data-id=\"a3456bf\" data-element_type=\"section\">\n\t\t\t\t\t\t<div class=\"elementor-container elementor-column-gap-default\">\n\t\t\t\t\t\t\t<div class=\"elementor-row\">\n\t\t\t\t\t<div class=\"elementor-column elementor-col-50 elementor-inner-column elementor-element elementor-element-1ae2577\" data-id=\"1ae2577\" data-element_type=\"column\">\n\t\t\t<div class=\"elementor-column-wrap elementor-element-populated\">\n\t\t\t\t\t\t\t<div class=\"elementor-widget-wrap\">\n\t\t\t\t\t\t<div class=\"elementor-element elementor-element-9604edb elementor-widget elementor-widget-heading\" data-id=\"9604edb\" data-element_type=\"widget\" data-widget_type=\"heading.default\">\n\t\t\t\t<div class=\"elementor-widget-container\">\n\t\t\t<h1 class=\"elementor-heading-title elementor-size-default\"><br>Herzlich Willkommen in der Oberstufe der Siegfried-Lenz-Schule Handewitt<br><\/h1>\t\t<\/div>\n\t\t\t\t<\/div>\n\t\t\t\t\t\t<\/div>\n\t\t\t\t\t<\/div>\n\t\t<\/div>\n\t\t\t\t<div class=\"elementor-column elementor-col-50 elementor-inner-column elementor-element elementor-element-75b5691\" data-id=\"75b5691\" data-element_type=\"column\">\n\t\t\t<div class=\"elementor-column-wrap elementor-element-populated\">\n\t\t\t\t\t\t\t<div class=\"elementor-widget-wrap\">\n\t\t\t\t\t\t<div class=\"elementor-element elementor-element-a62bac2 elementor-widget elementor-widget-image\" data-id=\"a62bac2\" data-element_type=\"widget\" data-widget_type=\"image.default\">\n\t\t\t\t<div class=\"elementor-widget-container\">\n\t\t\t\t\t\t\t\t<div class=\"elementor-image\">\n\t\t\t\t\t\t\t\t\t\t\t\t<img width=\"1198\" height=\"820\" src=\"http:\/\/gemeinschaftsschule-handewitt.de\/Oberstufe\/index\/wp-content\/uploads\/2020\/05\/stacks-image-3f63e07-1198x820-1.png\" class=\"attachment-full size-full\" alt=\"\" loading=\"lazy\" srcset=\"http:\/\/gemeinschaftsschule-handewitt.de\/Oberstufe\/index\/wp-content\/uploads\/2020\/05\/stacks-image-3f63e07-1198x820-1.png 1198w, http:\/\/gemeinschaftsschule-handewitt.de\/Oberstufe\/index\/wp-content\/uploads\/2020\/05\/stacks-image-3f63e07-1198x820-1-300x205.png 300w, http:\/\/gemeinschaftsschule-handewitt.de\/Oberstufe\/index\/wp-content\/uploads\/2020\/05\/stacks-image-3f63e07-1198x820-1-1024x701.png 1024w, http:\/\/gemeinschaftsschule-handewitt.de\/Oberstufe\/index\/wp-content\/uploads\/2020\/05\/stacks-image-3f63e07-1198x820-1-768x526.png 768w\" sizes=\"(max-width: 1198px) 100vw, 1198px\" \/>\t\t\t\t\t\t\t\t\t\t\t\t\t\t<\/div>\n\t\t\t\t\t\t<\/div>\n\t\t\t\t<\/div>\n\t\t\t\t\t\t<\/div>\n\t\t\t\t\t<\/div>\n\t\t<\/div>\n\t\t\t\t\t\t\t\t<\/div>\n\t\t\t\t\t<\/div>\n\t\t<\/section>\n\t\t\t\t<div class=\"elementor-element elementor-element-7387232 elementor-widget-divider--view-line elementor-widget elementor-widget-divider\" data-id=\"7387232\" data-element_type=\"widget\" data-widget_type=\"divider.default\">\n\t\t\t\t<div class=\"elementor-widget-container\">\n\t\t\t\t\t<div class=\"elementor-divider\">\n\t\t\t<span class=\"elementor-divider-separator\">\n\t\t\t\t\t\t<\/span>\n\t\t<\/div>\n\t\t\t\t<\/div>\n\t\t\t\t<\/div>\n\t\t\t\t<section class=\"elementor-section elementor-inner-section elementor-element elementor-element-ee78f76 elementor-section-full_width elementor-section-height-default elementor-section-height-default\" data-id=\"ee78f76\" data-element_type=\"section\">\n\t\t\t\t\t\t<div class=\"elementor-container elementor-column-gap-default\">\n\t\t\t\t\t\t\t<div class=\"elementor-row\">\n\t\t\t\t\t<div class=\"elementor-column elementor-col-50 elementor-inner-column elementor-element elementor-element-0cfcbdb\" data-id=\"0cfcbdb\" data-element_type=\"column\">\n\t\t\t<div class=\"elementor-column-wrap elementor-element-populated\">\n\t\t\t\t\t\t\t<div class=\"elementor-widget-wrap\">\n\t\t\t\t\t\t<div class=\"elementor-element elementor-element-25eb1f3 elementor-widget elementor-widget-text-editor\" data-id=\"25eb1f3\" data-element_type=\"widget\" data-widget_type=\"text-editor.default\">\n\t\t\t\t<div class=\"elementor-widget-container\">\n\t\t\t\t\t\t\t\t<div class=\"elementor-text-editor elementor-clearfix\">\n\t\t\t\t<p>In unserer Oberstufe haben wir es uns zum Ziel gesetzt, euch fit f\u00fcr die Herausforderungen des 21. Jahrhunderts zu machen. Das bezieht sich nicht nur auf die Abschlusspr\u00fcfungen, sondern auch auf ein verantwortungsbewusstes Leben in unserer globalisierten Welt. Wir legen in unserer Arbeit mit euch besonderen Wert auf zeitgem\u00e4\u00dfen Unterricht: Wir machen viel Projekt- und Gruppenarbeit. Wir holen Experten von au\u00dfen in unsere Schule, machen aber auch Exkursionen an au\u00dferschulische Lernorte. Aber es z\u00e4hlt bei uns nicht nur, was wir machen, sondern auch, wie wir es machen. Wir sind eine pers\u00f6nliche und moderne Oberstufe, wo jeder jeden kennt und man sich f\u00fcreinander einsetzt und interessiert. Du bist jederzeit herzlich eingeladen, Kontakt zu uns aufzunehmen oder uns zu besuchen. Unter \u201eKontakte\u201c findest du die notwendigen Kontaktdaten.<\/p><p>Viel Spa\u00df beim St\u00f6bern auf unserer Homepage!<\/p><p>PS: Klicke auf das Bild f\u00fcr die aktuelle Oberstufenbrosch\u00fcre<\/p>\t\t\t\t\t<\/div>\n\t\t\t\t\t\t<\/div>\n\t\t\t\t<\/div>\n\t\t\t\t\t\t<\/div>\n\t\t\t\t\t<\/div>\n\t\t<\/div>\n\t\t\t\t<div class=\"elementor-column elementor-col-50 elementor-inner-column elementor-element elementor-element-b2f1f56\" data-id=\"b2f1f56\" data-element_type=\"column\">\n\t\t\t<div class=\"elementor-column-wrap elementor-element-populated\">\n\t\t\t\t\t\t\t<div class=\"elementor-widget-wrap\">\n\t\t\t\t\t\t<div class=\"elementor-element elementor-element-af3ce70 elementor-widget elementor-widget-image\" data-id=\"af3ce70\" data-element_type=\"widget\" data-widget_type=\"image.default\">\n\t\t\t\t<div class=\"elementor-widget-container\">\n\t\t\t\t\t\t\t\t<div class=\"elementor-image\">\n\t\t\t\t\t\t\t\t\t\t\t\t\t<a href=\"http:\/\/gemeinschaftsschule-handewitt.de\/Oberstufe\/index\/wp-content\/uploads\/2022\/12\/Oberstufen-Broschuere-2023_24.pdf\" target=\"_blank\">\n\t\t\t\t\t\t\t<img width=\"400\" height=\"400\" src=\"http:\/\/gemeinschaftsschule-handewitt.de\/Oberstufe\/index\/wp-content\/uploads\/2020\/05\/stacks-image-69f305e-400x400-1.png\" class=\"attachment-large size-large\" alt=\"\" loading=\"lazy\" srcset=\"http:\/\/gemeinschaftsschule-handewitt.de\/Oberstufe\/index\/wp-content\/uploads\/2020\/05\/stacks-image-69f305e-400x400-1.png 400w, http:\/\/gemeinschaftsschule-handewitt.de\/Oberstufe\/index\/wp-content\/uploads\/2020\/05\/stacks-image-69f305e-400x400-1-300x300.png 300w, http:\/\/gemeinschaftsschule-handewitt.de\/Oberstufe\/index\/wp-content\/uploads\/2020\/05\/stacks-image-69f305e-400x400-1-150x150.png 150w\" sizes=\"(max-width: 400px) 100vw, 400px\" \/>\t\t\t\t\t\t\t\t<\/a>\n\t\t\t\t\t\t\t\t\t\t\t\t\t\t<\/div>\n\t\t\t\t\t\t<\/div>\n\t\t\t\t<\/div>\n\t\t\t\t\t\t<\/div>\n\t\t\t\t\t<\/div>\n\t\t<\/div>\n\t\t\t\t\t\t\t\t<\/div>\n\t\t\t\t\t<\/div>\n\t\t<\/section>\n\t\t\t\t<div class=\"elementor-element elementor-element-4358633 elementor-widget elementor-widget-spacer\" data-id=\"4358633\" data-element_type=\"widget\" data-widget_type=\"spacer.default\">\n\t\t\t\t<div class=\"elementor-widget-container\">\n\t\t\t\t\t<div class=\"elementor-spacer\">\n\t\t\t<div class=\"elementor-spacer-inner\"><\/div>\n\t\t<\/div>\n\t\t\t\t<\/div>\n\t\t\t\t<\/div>\n\t\t\t\t\t\t<\/div>\n\t\t\t\t\t<\/div>\n\t\t<\/div>\n\t\t\t\t\t\t\t\t<\/div>\n\t\t\t\t\t<\/div>\n\t\t<\/section>\n\t\t\t\t\t\t<\/div>\n\t\t\t\t\t\t<\/div>\n\t\t\t\t\t<\/div>\n\t\t","protected":false},"excerpt":{"rendered":"<p>Herzlich Willkommen in der Oberstufe der Siegfried-Lenz-Schule Handewitt In unserer Oberstufe haben wir es uns zum Ziel gesetzt, euch fit f\u00fcr die Herausforderungen des 21. Jahrhunderts zu machen. Das bezieht sich nicht nur auf die Abschlusspr\u00fcfungen, sondern auch auf ein verantwortungsbewusstes Leben in unserer globalisierten Welt. Wir legen in unserer Arbeit mit euch besonderen Wert [&hellip;]<\/p>\n","protected":false},"author":1,"featured_media":0,"parent":0,"menu_order":0,"comment_status":"closed","ping_status":"closed","template":"","meta":[],"_links":{"self":[{"href":"http:\/\/gemeinschaftsschule-handewitt.de\/Oberstufe\/index\/wp-json\/wp\/v2\/pages\/5"}],"collection":[{"href":"http:\/\/gemeinschaftsschule-handewitt.de\/Oberstufe\/index\/wp-json\/wp\/v2\/pages"}],"about":[{"href":"http:\/\/gemeinschaftsschule-handewitt.de\/Oberstufe\/index\/wp-json\/wp\/v2\/types\/page"}],"author":[{"embeddable":true,"href":"http:\/\/gemeinschaftsschule-handewitt.de\/Oberstufe\/index\/wp-json\/wp\/v2\/users\/1"}],"replies":[{"embeddable":true,"href":"http:\/\/gemeinschaftsschule-handewitt.de\/Oberstufe\/index\/wp-json\/wp\/v2\/comments?post=5"}],"version-history":[{"count":44,"href":"http:\/\/gemeinschaftsschule-handewitt.de\/Oberstufe\/index\/wp-json\/wp\/v2\/pages\/5\/revisions"}],"predecessor-version":[{"id":233,"href":"http:\/\/gemeinschaftsschule-handewitt.de\/Oberstufe\/index\/wp-json\/wp\/v2\/pages\/5\/revisions\/233"}],"wp:attachment":[{"href":"http:\/\/gemeinschaftsschule-handewitt.de\/Oberstufe\/index\/wp-json\/wp\/v2\/media?parent=5"}],"curies":[{"name":"wp","href":"https:\/\/api.w.org\/{rel}","templated":true}]}}