{"id":78,"date":"2020-05-13T17:30:28","date_gmt":"2020-05-13T15:30:28","guid":{"rendered":"http:\/\/gemeinschaftsschule-handewitt.de\/Oberstufe\/index\/?page_id=78"},"modified":"2023-11-23T12:44:48","modified_gmt":"2023-11-23T11:44:48","slug":"kontakt","status":"publish","type":"page","link":"http:\/\/gemeinschaftsschule-handewitt.de\/Oberstufe\/index\/kontakt\/","title":{"rendered":"Kontakt"},"content":{"rendered":"\t\t<div data-elementor-type=\"wp-page\" data-elementor-id=\"78\" class=\"elementor elementor-78\" data-elementor-settings=\"[]\">\n\t\t\t\t\t\t<div class=\"elementor-inner\">\n\t\t\t\t\t\t\t<div class=\"elementor-section-wrap\">\n\t\t\t\t\t\t\t<section class=\"elementor-section elementor-top-section elementor-element elementor-element-15d96ab3 elementor-section-boxed elementor-section-height-default elementor-section-height-default\" data-id=\"15d96ab3\" data-element_type=\"section\" data-settings=\"{&quot;background_background&quot;:&quot;classic&quot;}\">\n\t\t\t\t\t\t<div class=\"elementor-container elementor-column-gap-default\">\n\t\t\t\t\t\t\t<div class=\"elementor-row\">\n\t\t\t\t\t<div class=\"elementor-column elementor-col-100 elementor-top-column elementor-element elementor-element-2fd09962\" data-id=\"2fd09962\" data-element_type=\"column\">\n\t\t\t<div class=\"elementor-column-wrap elementor-element-populated\">\n\t\t\t\t\t\t\t<div class=\"elementor-widget-wrap\">\n\t\t\t\t\t\t<div class=\"elementor-element elementor-element-da19f5d elementor-widget elementor-widget-spacer\" data-id=\"da19f5d\" data-element_type=\"widget\" data-widget_type=\"spacer.default\">\n\t\t\t\t<div class=\"elementor-widget-container\">\n\t\t\t\t\t<div class=\"elementor-spacer\">\n\t\t\t<div class=\"elementor-spacer-inner\"><\/div>\n\t\t<\/div>\n\t\t\t\t<\/div>\n\t\t\t\t<\/div>\n\t\t\t\t<div class=\"elementor-element elementor-element-16b08926 elementor-widget elementor-widget-heading\" data-id=\"16b08926\" data-element_type=\"widget\" data-widget_type=\"heading.default\">\n\t\t\t\t<div class=\"elementor-widget-container\">\n\t\t\t<h1 class=\"elementor-heading-title elementor-size-default\">Kontakt<\/h1>\t\t<\/div>\n\t\t\t\t<\/div>\n\t\t\t\t<div class=\"elementor-element elementor-element-5b1ce647 elementor-widget-divider--view-line elementor-widget elementor-widget-divider\" data-id=\"5b1ce647\" data-element_type=\"widget\" data-widget_type=\"divider.default\">\n\t\t\t\t<div class=\"elementor-widget-container\">\n\t\t\t\t\t<div class=\"elementor-divider\">\n\t\t\t<span class=\"elementor-divider-separator\">\n\t\t\t\t\t\t<\/span>\n\t\t<\/div>\n\t\t\t\t<\/div>\n\t\t\t\t<\/div>\n\t\t\t\t<div class=\"elementor-element elementor-element-da18262 elementor-widget elementor-widget-text-editor\" data-id=\"da18262\" data-element_type=\"widget\" data-widget_type=\"text-editor.default\">\n\t\t\t\t<div class=\"elementor-widget-container\">\n\t\t\t\t\t\t\t\t<div class=\"elementor-text-editor elementor-clearfix\">\n\t\t\t\tWir stehen immer gerne f\u00fcr weitere Informationen und eine pers\u00f6nliche Beratung zur Verf\u00fcgung.\t\t\t\t\t<\/div>\n\t\t\t\t\t\t<\/div>\n\t\t\t\t<\/div>\n\t\t\t\t<div class=\"elementor-element elementor-element-d990786 elementor-widget elementor-widget-image\" data-id=\"d990786\" data-element_type=\"widget\" data-widget_type=\"image.default\">\n\t\t\t\t<div class=\"elementor-widget-container\">\n\t\t\t\t\t\t\t\t<div class=\"elementor-image\">\n\t\t\t\t\t\t\t\t\t\t\t\t<img width=\"633\" height=\"798\" src=\"http:\/\/gemeinschaftsschule-handewitt.de\/Oberstufe\/index\/wp-content\/uploads\/2023\/11\/stacks-image-084d765-1200x798-1-e1700739735796.jpg\" class=\"attachment-large size-large\" alt=\"\" loading=\"lazy\" srcset=\"http:\/\/gemeinschaftsschule-handewitt.de\/Oberstufe\/index\/wp-content\/uploads\/2023\/11\/stacks-image-084d765-1200x798-1-e1700739735796.jpg 633w, http:\/\/gemeinschaftsschule-handewitt.de\/Oberstufe\/index\/wp-content\/uploads\/2023\/11\/stacks-image-084d765-1200x798-1-e1700739735796-238x300.jpg 238w\" sizes=\"(max-width: 633px) 100vw, 633px\" \/>\t\t\t\t\t\t\t\t\t\t\t\t\t\t<\/div>\n\t\t\t\t\t\t<\/div>\n\t\t\t\t<\/div>\n\t\t\t\t<div class=\"elementor-element elementor-element-3a3442b elementor-widget elementor-widget-text-editor\" data-id=\"3a3442b\" data-element_type=\"widget\" data-widget_type=\"text-editor.default\">\n\t\t\t\t<div class=\"elementor-widget-container\">\n\t\t\t\t\t\t\t\t<div class=\"elementor-text-editor elementor-clearfix\">\n\t\t\t\t<p>Ulrich Hald (Oberstufenleiter)<\/p>\t\t\t\t\t<\/div>\n\t\t\t\t\t\t<\/div>\n\t\t\t\t<\/div>\n\t\t\t\t\t\t<\/div>\n\t\t\t\t\t<\/div>\n\t\t<\/div>\n\t\t\t\t\t\t\t\t<\/div>\n\t\t\t\t\t<\/div>\n\t\t<\/section>\n\t\t\t\t<section class=\"elementor-section elementor-top-section elementor-element elementor-element-185f45e elementor-section-boxed elementor-section-height-default elementor-section-height-default\" data-id=\"185f45e\" data-element_type=\"section\" data-settings=\"{&quot;background_background&quot;:&quot;classic&quot;}\">\n\t\t\t\t\t\t<div class=\"elementor-container elementor-column-gap-default\">\n\t\t\t\t\t\t\t<div class=\"elementor-row\">\n\t\t\t\t\t<div class=\"elementor-column elementor-col-100 elementor-top-column elementor-element elementor-element-f59cc62\" data-id=\"f59cc62\" data-element_type=\"column\">\n\t\t\t<div class=\"elementor-column-wrap elementor-element-populated\">\n\t\t\t\t\t\t\t<div class=\"elementor-widget-wrap\">\n\t\t\t\t\t\t<div class=\"elementor-element elementor-element-8dff285 elementor-widget-divider--view-line elementor-widget elementor-widget-divider\" data-id=\"8dff285\" data-element_type=\"widget\" data-widget_type=\"divider.default\">\n\t\t\t\t<div class=\"elementor-widget-container\">\n\t\t\t\t\t<div class=\"elementor-divider\">\n\t\t\t<span class=\"elementor-divider-separator\">\n\t\t\t\t\t\t<\/span>\n\t\t<\/div>\n\t\t\t\t<\/div>\n\t\t\t\t<\/div>\n\t\t\t\t<div class=\"elementor-element elementor-element-c51110d elementor-widget elementor-widget-heading\" data-id=\"c51110d\" data-element_type=\"widget\" data-widget_type=\"heading.default\">\n\t\t\t\t<div class=\"elementor-widget-container\">\n\t\t\t<h3 class=\"elementor-heading-title elementor-size-default\">Ulrich Hald - Oberstufenleiter<\/h3>\t\t<\/div>\n\t\t\t\t<\/div>\n\t\t\t\t<div class=\"elementor-element elementor-element-6fffc38 elementor-widget elementor-widget-text-editor\" data-id=\"6fffc38\" data-element_type=\"widget\" data-widget_type=\"text-editor.default\">\n\t\t\t\t<div class=\"elementor-widget-container\">\n\t\t\t\t\t\t\t\t<div class=\"elementor-text-editor elementor-clearfix\">\n\t\t\t\t<p>Telefonnummer: <a href=\"tel:04608900306\"><strong>04608 \u2013 900306<\/strong><\/a><\/p><p>E-Mail:\u00a0<a href=\"mailto:hald@schule-sh.de\"><strong>hald@schule-sh.de<\/strong><\/a><\/p>\t\t\t\t\t<\/div>\n\t\t\t\t\t\t<\/div>\n\t\t\t\t<\/div>\n\t\t\t\t\t\t<\/div>\n\t\t\t\t\t<\/div>\n\t\t<\/div>\n\t\t\t\t\t\t\t\t<\/div>\n\t\t\t\t\t<\/div>\n\t\t<\/section>\n\t\t\t\t<section class=\"elementor-section elementor-top-section elementor-element elementor-element-d2a7243 elementor-section-boxed elementor-section-height-default elementor-section-height-default\" data-id=\"d2a7243\" data-element_type=\"section\" data-settings=\"{&quot;background_background&quot;:&quot;classic&quot;}\">\n\t\t\t\t\t\t<div class=\"elementor-container elementor-column-gap-default\">\n\t\t\t\t\t\t\t<div class=\"elementor-row\">\n\t\t\t\t\t<div class=\"elementor-column elementor-col-100 elementor-top-column elementor-element elementor-element-088af17\" data-id=\"088af17\" data-element_type=\"column\">\n\t\t\t<div class=\"elementor-column-wrap elementor-element-populated\">\n\t\t\t\t\t\t\t<div class=\"elementor-widget-wrap\">\n\t\t\t\t\t\t<div class=\"elementor-element elementor-element-60211e7 elementor-widget-divider--view-line elementor-widget elementor-widget-divider\" data-id=\"60211e7\" data-element_type=\"widget\" data-widget_type=\"divider.default\">\n\t\t\t\t<div class=\"elementor-widget-container\">\n\t\t\t\t\t<div class=\"elementor-divider\">\n\t\t\t<span class=\"elementor-divider-separator\">\n\t\t\t\t\t\t<\/span>\n\t\t<\/div>\n\t\t\t\t<\/div>\n\t\t\t\t<\/div>\n\t\t\t\t<div class=\"elementor-element elementor-element-c4ac755 elementor-widget elementor-widget-heading\" data-id=\"c4ac755\" data-element_type=\"widget\" data-widget_type=\"heading.default\">\n\t\t\t\t<div class=\"elementor-widget-container\">\n\t\t\t<h3 class=\"elementor-heading-title elementor-size-default\">Sekretariat<\/h3>\t\t<\/div>\n\t\t\t\t<\/div>\n\t\t\t\t<div class=\"elementor-element elementor-element-a2d7046 elementor-widget elementor-widget-text-editor\" data-id=\"a2d7046\" data-element_type=\"widget\" data-widget_type=\"text-editor.default\">\n\t\t\t\t<div class=\"elementor-widget-container\">\n\t\t\t\t\t\t\t\t<div class=\"elementor-text-editor elementor-clearfix\">\n\t\t\t\t<p>Telefonnummer: <a href=\"tel:0460890030\"><strong>04608 \u2013 90030<\/strong><\/a><\/p>\t\t\t\t\t<\/div>\n\t\t\t\t\t\t<\/div>\n\t\t\t\t<\/div>\n\t\t\t\t<div class=\"elementor-element elementor-element-507db1bc elementor-widget elementor-widget-spacer\" data-id=\"507db1bc\" data-element_type=\"widget\" data-widget_type=\"spacer.default\">\n\t\t\t\t<div class=\"elementor-widget-container\">\n\t\t\t\t\t<div class=\"elementor-spacer\">\n\t\t\t<div class=\"elementor-spacer-inner\"><\/div>\n\t\t<\/div>\n\t\t\t\t<\/div>\n\t\t\t\t<\/div>\n\t\t\t\t\t\t<\/div>\n\t\t\t\t\t<\/div>\n\t\t<\/div>\n\t\t\t\t\t\t\t\t<\/div>\n\t\t\t\t\t<\/div>\n\t\t<\/section>\n\t\t\t\t\t\t<\/div>\n\t\t\t\t\t\t<\/div>\n\t\t\t\t\t<\/div>\n\t\t","protected":false},"excerpt":{"rendered":"<p>Kontakt Wir stehen immer gerne f\u00fcr weitere Informationen und eine pers\u00f6nliche Beratung zur Verf\u00fcgung. Ulrich Hald (Oberstufenleiter) Ulrich Hald &#8211; Oberstufenleiter Telefonnummer: 04608 \u2013 900306 E-Mail:\u00a0hald@schule-sh.de Sekretariat Telefonnummer: 04608 \u2013 90030<\/p>\n","protected":false},"author":1,"featured_media":0,"parent":0,"menu_order":0,"comment_status":"closed","ping_status":"closed","template":"","meta":[],"_links":{"self":[{"href":"http:\/\/gemeinschaftsschule-handewitt.de\/Oberstufe\/index\/wp-json\/wp\/v2\/pages\/78"}],"collection":[{"href":"http:\/\/gemeinschaftsschule-handewitt.de\/Oberstufe\/index\/wp-json\/wp\/v2\/pages"}],"about":[{"href":"http:\/\/gemeinschaftsschule-handewitt.de\/Oberstufe\/index\/wp-json\/wp\/v2\/types\/page"}],"author":[{"embeddable":true,"href":"http:\/\/gemeinschaftsschule-handewitt.de\/Oberstufe\/index\/wp-json\/wp\/v2\/users\/1"}],"replies":[{"embeddable":true,"href":"http:\/\/gemeinschaftsschule-handewitt.de\/Oberstufe\/index\/wp-json\/wp\/v2\/comments?post=78"}],"version-history":[{"count":20,"href":"http:\/\/gemeinschaftsschule-handewitt.de\/Oberstufe\/index\/wp-json\/wp\/v2\/pages\/78\/revisions"}],"predecessor-version":[{"id":254,"href":"http:\/\/gemeinschaftsschule-handewitt.de\/Oberstufe\/index\/wp-json\/wp\/v2\/pages\/78\/revisions\/254"}],"wp:attachment":[{"href":"http:\/\/gemeinschaftsschule-handewitt.de\/Oberstufe\/index\/wp-json\/wp\/v2\/media?parent=78"}],"curies":[{"name":"wp","href":"https:\/\/api.w.org\/{rel}","templated":true}]}}